{"id":15,"date":"2019-05-18T01:42:15","date_gmt":"2019-05-18T01:42:15","guid":{"rendered":"https:\/\/demo.farost.net\/molli\/?page_id=15"},"modified":"2025-08-08T15:17:59","modified_gmt":"2025-08-08T14:17:59","slug":"creative-agency-home","status":"publish","type":"page","link":"https:\/\/kaestle.ch\/ARCH\/","title":{"rendered":"HOME"},"content":{"rendered":"<div class=\"wpb-content-wrapper\"><p>[vc_row full_width=&#8221;stretch_row&#8221; cms_row_overflow=&#8221;row-overflow-unset&#8221; css=&#8221;.vc_custom_1561540154311{padding-right: 85px !important;padding-left: 85px !important;}&#8221; el_class=&#8221;sm-no-padding&#8221;][vc_column][vc_single_image image=&#8221;2114&#8243; img_size=&#8221;900px&#8221; alignment=&#8221;center&#8221; css_animation=&#8221;fadeIn&#8221; css=&#8221;.vc_custom_1675313255764{padding-top: 60px !important;padding-bottom: 150px !important;}&#8221; cms_image_align=&#8221;image_align_xs_center&#8221;][cms_space space_lg=&#8221;90&#8243; space_md=&#8221;90&#8243; space_sm=&#8221;90&#8243; space_xs=&#8221;90&#8243;][cms_space space_lg=&#8221;90&#8243; space_md=&#8221;90&#8243; space_sm=&#8221;90&#8243; space_xs=&#8221;90&#8243;][cms_space space_lg=&#8221;90&#8243; space_md=&#8221;90&#8243; space_sm=&#8221;90&#8243; space_xs=&#8221;90&#8243;][cms_space space_lg=&#8221;90&#8243; space_md=&#8221;90&#8243; space_sm=&#8221;90&#8243; space_xs=&#8221;90&#8243;][cms_space space_lg=&#8221;90&#8243; space_md=&#8221;90&#8243; space_sm=&#8221;90&#8243; space_xs=&#8221;90&#8243;][cms_space space_lg=&#8221;90&#8243; space_md=&#8221;90&#8243; space_sm=&#8221;90&#8243; space_xs=&#8221;90&#8243;][cms_space space_lg=&#8221;90&#8243; space_md=&#8221;90&#8243; space_sm=&#8221;90&#8243; space_xs=&#8221;90&#8243;][cms_heading subtitle=&#8221;Wir bauen Raum&#8221; subtitle_font_size=&#8221;40px&#8221; subtitle_color=&#8221;#FFFFFF&#8221; text=&#8221;Wir sind interessiert an Projekten, die nicht aufgesetzten Konzepten entspringen, sondern sich aus den Bedingungen ihrer Funktionen entwickeln. Anforderungen des Bauherrn, Einschr\u00e4nkungen des Baurechts, Vorgaben der \u00d6konomie, Einfl\u00fcsse des Grundst\u00fccks und Einwirkungen der kulturellen Umgebung bestimmen dabei die Form des Raumes.&#8221; title_font_size=&#8221;25px&#8221; align_text=&#8221;align-center&#8221; cms_template=&#8221;cms_heading&#8211;layout2.php&#8221; animation=&#8221;bounce&#8221;][\/vc_column][\/vc_row][vc_row css=&#8221;.vc_custom_1751039130456{background-color: #FF030300 !important;}&#8221;][vc_column][cms_space space_lg=&#8221;30&#8243; space_md=&#8221;30&#8243; space_sm=&#8221;30&#8243; space_xs=&#8221;30&#8243;][\/vc_column][\/vc_row][vc_row][vc_column css_animation=&#8221;fadeInUp&#8221; width=&#8221;1\/4&#8243; css=&#8221;.vc_custom_1561352106307{margin-bottom: 25px !important;}&#8221;][cms_fancybox cms_template=&#8221;cms_fancybox&#8211;layout2.php&#8221; description=&#8221;1997 wurde k\u00e4stle architekten in Z\u00fcrich gegr\u00fcndet. Nach mehreren Projekten und erfolgreichen Teilnah- men an Wettbewerben wurden von 2008 &#8211; 2020, w\u00e4hrend der T\u00e4tigkeit als leitender Entwurfsarchitekt in anderen Architekturb\u00fcros, nur wenige eigenst\u00e4ndige Planungen verfolgt.&#8221; title=&#8221;Unsere Geschichte&#8221;][cms_space space_lg=&#8221;15&#8243; space_md=&#8221;15&#8243; space_sm=&#8221;15&#8243; space_xs=&#8221;15&#8243;][cms_fancybox cms_template=&#8221;cms_fancybox&#8211;layout2.php&#8221; description=&#8221;2021 erfolgte mit der Eintragung ins Handelsregister und der Verlegung des Sitzes nach R\u00fcschlikon ein Neu- start. 2022 wurden in Winterthur weitere B\u00fcror\u00e4umlichkeiten und ein Besprechungsraum hinzugemietet.&#8221;][\/vc_column][vc_column css_animation=&#8221;fadeInUp&#8221; width=&#8221;1\/4&#8243; css=&#8221;.vc_custom_1561352112297{margin-bottom: 25px !important;}&#8221;][cms_fancybox cms_template=&#8221;cms_fancybox&#8211;layout2.php&#8221; title=&#8221;Unsere Aufgabe&#8221; description=&#8221;Wir sehen die Funktion des Architek- ten in erster Linie als Mischung aus Handwerker und Notar.&#8221;][cms_space space_lg=&#8221;15&#8243; space_md=&#8221;15&#8243; space_sm=&#8221;15&#8243; space_xs=&#8221;15&#8243;][cms_fancybox cms_template=&#8221;cms_fancybox&#8211;layout2.php&#8221; description=&#8221;Als unabh\u00e4ngiger Dienstleister sch\u00fctzen wir die Interessen des Auftraggebers gegen\u00fcber den Beh\u00f6rden, Unternehmern und Planern.&#8221;][cms_space space_lg=&#8221;15&#8243; space_md=&#8221;15&#8243; space_sm=&#8221;15&#8243; space_xs=&#8221;15&#8243;][cms_fancybox cms_template=&#8221;cms_fancybox&#8211;layout2.php&#8221; description=&#8221;Nat\u00fcrlich ist Bauen auch eine kultur- elle Handlung &#8211; dem sind wir uns im ganzen Prozess bewusst. Der Archi-tekt ist ist somit auch ein Bildhauer.&#8221;][\/vc_column][vc_column css_animation=&#8221;fadeInUp&#8221; width=&#8221;1\/4&#8243; css=&#8221;.vc_custom_1561352118412{margin-bottom: 25px !important;}&#8221;][cms_fancybox cms_template=&#8221;cms_fancybox&#8211;layout2.php&#8221; title=&#8221;Unsere Werte&#8221; description=&#8221;INTELLIGENZ \u2013 strukturiertes Nachdenken f\u00fchrt zu korrekten Problemstellungen und deren L\u00f6sungen.&#8221;][cms_space space_lg=&#8221;15&#8243; space_md=&#8221;15&#8243; space_sm=&#8221;15&#8243; space_xs=&#8221;15&#8243;][cms_fancybox cms_template=&#8221;cms_fancybox&#8211;layout2.php&#8221; description=&#8221;TRANSPARENZ \u2013 wichtige Grundlage f\u00fcr eine gute Zusammenarbeit zwischen Architekten, Bauherren und Unternehmern.&#8221;][cms_space space_lg=&#8221;15&#8243; space_md=&#8221;15&#8243; space_sm=&#8221;15&#8243; space_xs=&#8221;15&#8243;][cms_fancybox cms_template=&#8221;cms_fancybox&#8211;layout2.php&#8221; description=&#8221;RESILIENZ \u2013 Hindernisse werden auftauchen. Diese werden als Chance zur Verbesserung aufgefasst.&#8221;][\/vc_column][vc_column css_animation=&#8221;fadeInUp&#8221; width=&#8221;1\/4&#8243;][cms_fancybox cms_template=&#8221;cms_fancybox&#8211;layout2.php&#8221; title=&#8221;Unsere Ziele&#8221; description=&#8221;Bauen ist ein Prozess, der nur zum Erfolg f\u00fchrt, wenn alle Beteiligte konsequent und offen miteinander arbeiten.&#8221;][cms_space space_lg=&#8221;15&#8243; space_md=&#8221;15&#8243; space_sm=&#8221;15&#8243; space_xs=&#8221;15&#8243;][cms_fancybox cms_template=&#8221;cms_fancybox&#8211;layout2.php&#8221; description=&#8221;Am Ende steht nicht ein Gewinner im Fokus, sondern ein Team, das sich gegenseitig \u00fcber die Ziellinie gef\u00fchrt hat.&#8221;][cms_space space_lg=&#8221;15&#8243; space_md=&#8221;15&#8243; space_sm=&#8221;15&#8243; space_xs=&#8221;15&#8243;][cms_fancybox cms_template=&#8221;cms_fancybox&#8211;layout2.php&#8221; description=&#8221;Bauherr, Planer und Unternehmer sollen mit Freude an die investierte Zeit zur\u00fcckdenken.&#8221;][\/vc_column][\/vc_row]<\/p>\n<\/div>","protected":false},"excerpt":{"rendered":"<p>[vc_row full_width=&#8221;stretch_row&#8221; cms_row_overflow=&#8221;row-overflow-unset&#8221; css=&#8221;.vc_custom_1561540154311{padding-right: 85px !important;padding-left: 85px !important;}&#8221; el_class=&#8221;sm-no-padding&#8221;][vc_column][vc_single_image image=&#8221;2114&#8243; img_size=&#8221;900px&#8221; alignment=&#8221;center&#8221; css_animation=&#8221;fadeIn&#8221; css=&#8221;.vc_custom_1675313255764{padding-top: 60px !important;padding-bottom: 150px !important;}&#8221; cms_image_align=&#8221;image_align_xs_center&#8221;][cms_space space_lg=&#8221;90&#8243; space_md=&#8221;90&#8243; space_sm=&#8221;90&#8243; space_xs=&#8221;90&#8243;][cms_space space_lg=&#8221;90&#8243; space_md=&#8221;90&#8243; space_sm=&#8221;90&#8243; space_xs=&#8221;90&#8243;][cms_space space_lg=&#8221;90&#8243; space_md=&#8221;90&#8243; space_sm=&#8221;90&#8243; space_xs=&#8221;90&#8243;][cms_space space_lg=&#8221;90&#8243; space_md=&#8221;90&#8243; space_sm=&#8221;90&#8243; space_xs=&#8221;90&#8243;][cms_space space_lg=&#8221;90&#8243; space_md=&#8221;90&#8243; space_sm=&#8221;90&#8243; space_xs=&#8221;90&#8243;][cms_space space_lg=&#8221;90&#8243; space_md=&#8221;90&#8243; space_sm=&#8221;90&#8243; space_xs=&#8221;90&#8243;][cms_space space_lg=&#8221;90&#8243; space_md=&#8221;90&#8243; space_sm=&#8221;90&#8243; space_xs=&#8221;90&#8243;][cms_heading subtitle=&#8221;Wir bauen Raum&#8221; subtitle_font_size=&#8221;40px&#8221; subtitle_color=&#8221;#FFFFFF&#8221; text=&#8221;Wir sind interessiert [&hellip;]<\/p>\n","protected":false},"author":1,"featured_media":0,"parent":0,"menu_order":0,"comment_status":"closed","ping_status":"closed","template":"","meta":{"footnotes":""},"class_list":["post-15","page","type-page","status-publish","hentry"],"_links":{"self":[{"href":"https:\/\/kaestle.ch\/ARCH\/wp-json\/wp\/v2\/pages\/15","targetHints":{"allow":["GET"]}}],"collection":[{"href":"https:\/\/kaestle.ch\/ARCH\/wp-json\/wp\/v2\/pages"}],"about":[{"href":"https:\/\/kaestle.ch\/ARCH\/wp-json\/wp\/v2\/types\/page"}],"author":[{"embeddable":true,"href":"https:\/\/kaestle.ch\/ARCH\/wp-json\/wp\/v2\/users\/1"}],"replies":[{"embeddable":true,"href":"https:\/\/kaestle.ch\/ARCH\/wp-json\/wp\/v2\/comments?post=15"}],"version-history":[{"count":104,"href":"https:\/\/kaestle.ch\/ARCH\/wp-json\/wp\/v2\/pages\/15\/revisions"}],"predecessor-version":[{"id":2902,"href":"https:\/\/kaestle.ch\/ARCH\/wp-json\/wp\/v2\/pages\/15\/revisions\/2902"}],"wp:attachment":[{"href":"https:\/\/kaestle.ch\/ARCH\/wp-json\/wp\/v2\/media?parent=15"}],"curies":[{"name":"wp","href":"https:\/\/api.w.org\/{rel}","templated":true}]}}